{"id":22,"date":"2025-10-07T18:30:05","date_gmt":"2025-10-07T18:30:05","guid":{"rendered":"https:\/\/skola.als080613mj.hemsida.eu\/?page_id=22"},"modified":"2025-10-07T19:08:09","modified_gmt":"2025-10-07T19:08:09","slug":"om","status":"publish","type":"page","link":"https:\/\/skola.als080613mj.hemsida.eu\/index.php\/om\/","title":{"rendered":"Om"},"content":{"rendered":"\n<p>Hej och v\u00e4lkommen till min wordpress! Jag heter Melker och \u00e4r en elev p\u00e5 alstr\u00f6mergymnasiet i Alings\u00e5s. Denna wordpress anv\u00e4nds f\u00f6r att bland annat publicera uppgifter, utv\u00e4rderingar och annat skol relaterat.<\/p>\n\n\n\n<p><\/p>\n","protected":false},"excerpt":{"rendered":"<p>Hej och v\u00e4lkommen till min wordpress! Jag heter Melker och \u00e4r en elev p\u00e5 alstr\u00f6mergymnasiet i Alings\u00e5s. Denna wordpress anv\u00e4nds f\u00f6r att bland annat publicera uppgifter, utv\u00e4rderingar och annat skol relaterat.<\/p>\n","protected":false},"author":1,"featured_media":0,"parent":0,"menu_order":0,"comment_status":"closed","ping_status":"closed","template":"","meta":{"footnotes":""},"class_list":["post-22","page","type-page","status-publish","hentry"],"_links":{"self":[{"href":"https:\/\/skola.als080613mj.hemsida.eu\/index.php\/wp-json\/wp\/v2\/pages\/22","targetHints":{"allow":["GET"]}}],"collection":[{"href":"https:\/\/skola.als080613mj.hemsida.eu\/index.php\/wp-json\/wp\/v2\/pages"}],"about":[{"href":"https:\/\/skola.als080613mj.hemsida.eu\/index.php\/wp-json\/wp\/v2\/types\/page"}],"author":[{"embeddable":true,"href":"https:\/\/skola.als080613mj.hemsida.eu\/index.php\/wp-json\/wp\/v2\/users\/1"}],"replies":[{"embeddable":true,"href":"https:\/\/skola.als080613mj.hemsida.eu\/index.php\/wp-json\/wp\/v2\/comments?post=22"}],"version-history":[{"count":3,"href":"https:\/\/skola.als080613mj.hemsida.eu\/index.php\/wp-json\/wp\/v2\/pages\/22\/revisions"}],"predecessor-version":[{"id":45,"href":"https:\/\/skola.als080613mj.hemsida.eu\/index.php\/wp-json\/wp\/v2\/pages\/22\/revisions\/45"}],"wp:attachment":[{"href":"https:\/\/skola.als080613mj.hemsida.eu\/index.php\/wp-json\/wp\/v2\/media?parent=22"}],"curies":[{"name":"wp","href":"https:\/\/api.w.org\/{rel}","templated":true}]}}